{"id":1988,"date":"2023-07-19T11:50:14","date_gmt":"2023-07-19T10:50:14","guid":{"rendered":"https:\/\/www.aevp.pt\/?page_id=1988"},"modified":"2023-08-23T11:23:25","modified_gmt":"2023-08-23T10:23:25","slug":"servicos","status":"publish","type":"page","link":"https:\/\/www.aevp.pt\/index.php\/servicos\/","title":{"rendered":"Servi\u00e7os"},"content":{"rendered":"\t\t<div data-elementor-type=\"wp-page\" data-elementor-id=\"1988\" class=\"elementor elementor-1988\">\n\t\t\t\t\t\t<section class=\"elementor-section elementor-top-section elementor-element elementor-element-98dd5d0 elementor-section-height-min-height elementor-section-boxed elementor-section-height-default elementor-section-items-middle\" data-id=\"98dd5d0\" data-element_type=\"section\" data-e-type=\"section\" data-settings=\"{&quot;background_background&quot;:&quot;classic&quot;}\">\n\t\t\t\t\t\t<div class=\"elementor-container elementor-column-gap-default\">\n\t\t\t\t\t<div class=\"elementor-column elementor-col-100 elementor-top-column elementor-element elementor-element-49bf4b9d\" data-id=\"49bf4b9d\" data-element_type=\"column\" data-e-type=\"column\">\n\t\t\t<div class=\"elementor-widget-wrap elementor-element-populated\">\n\t\t\t\t\t\t<div class=\"elementor-element elementor-element-4f74ae16 elementor-widget elementor-widget-heading\" data-id=\"4f74ae16\" data-element_type=\"widget\" data-e-type=\"widget\" data-widget_type=\"heading.default\">\n\t\t\t\t<div class=\"elementor-widget-container\">\n\t\t\t\t\t<h1 class=\"elementor-heading-title elementor-size-default\">Servi\u00e7os Oferecidos<\/h1>\t\t\t\t<\/div>\n\t\t\t\t<\/div>\n\t\t\t\t\t<\/div>\n\t\t<\/div>\n\t\t\t\t\t<\/div>\n\t\t<\/section>\n\t\t\t\t<section class=\"elementor-section elementor-top-section elementor-element elementor-element-331f51b7 elementor-section-boxed elementor-section-height-default elementor-section-height-default\" data-id=\"331f51b7\" data-element_type=\"section\" data-e-type=\"section\">\n\t\t\t\t\t\t<div class=\"elementor-container elementor-column-gap-default\">\n\t\t\t\t\t<div class=\"elementor-column elementor-col-100 elementor-top-column elementor-element elementor-element-553a5953\" data-id=\"553a5953\" data-element_type=\"column\" data-e-type=\"column\">\n\t\t\t<div class=\"elementor-widget-wrap elementor-element-populated\">\n\t\t\t\t\t\t<div class=\"elementor-element elementor-element-4d077055 elementor-widget elementor-widget-spacer\" data-id=\"4d077055\" data-element_type=\"widget\" data-e-type=\"widget\" data-widget_type=\"spacer.default\">\n\t\t\t\t<div class=\"elementor-widget-container\">\n\t\t\t\t\t\t\t<div class=\"elementor-spacer\">\n\t\t\t<div class=\"elementor-spacer-inner\"><\/div>\n\t\t<\/div>\n\t\t\t\t\t\t<\/div>\n\t\t\t\t<\/div>\n\t\t\t\t\t<\/div>\n\t\t<\/div>\n\t\t\t\t\t<\/div>\n\t\t<\/section>\n\t\t\t\t<section class=\"elementor-section elementor-top-section elementor-element elementor-element-76e5e8e1 elementor-section-boxed elementor-section-height-default elementor-section-height-default\" data-id=\"76e5e8e1\" data-element_type=\"section\" data-e-type=\"section\">\n\t\t\t\t\t\t<div class=\"elementor-container elementor-column-gap-default\">\n\t\t\t\t\t<div class=\"elementor-column elementor-col-100 elementor-top-column elementor-element elementor-element-10060845\" data-id=\"10060845\" data-element_type=\"column\" data-e-type=\"column\">\n\t\t\t<div class=\"elementor-widget-wrap elementor-element-populated\">\n\t\t\t\t\t\t<div class=\"elementor-element elementor-element-18f62343 elementor-widget elementor-widget-spacer\" data-id=\"18f62343\" data-element_type=\"widget\" data-e-type=\"widget\" data-widget_type=\"spacer.default\">\n\t\t\t\t<div class=\"elementor-widget-container\">\n\t\t\t\t\t\t\t<div class=\"elementor-spacer\">\n\t\t\t<div class=\"elementor-spacer-inner\"><\/div>\n\t\t<\/div>\n\t\t\t\t\t\t<\/div>\n\t\t\t\t<\/div>\n\t\t\t\t\t<\/div>\n\t\t<\/div>\n\t\t\t\t\t<\/div>\n\t\t<\/section>\n\t\t\t\t<section class=\"elementor-section elementor-top-section elementor-element elementor-element-4baf6d8e elementor-section-boxed elementor-section-height-default elementor-section-height-default\" data-id=\"4baf6d8e\" data-element_type=\"section\" data-e-type=\"section\">\n\t\t\t\t\t\t<div class=\"elementor-container elementor-column-gap-default\">\n\t\t\t\t\t<div class=\"elementor-column elementor-col-100 elementor-top-column elementor-element elementor-element-405aea52\" data-id=\"405aea52\" data-element_type=\"column\" data-e-type=\"column\">\n\t\t\t<div class=\"elementor-widget-wrap elementor-element-populated\">\n\t\t\t\t\t\t<div class=\"elementor-element elementor-element-444c9b26 elementor-widget elementor-widget-text-editor\" data-id=\"444c9b26\" data-element_type=\"widget\" data-e-type=\"widget\" data-widget_type=\"text-editor.default\">\n\t\t\t\t<div class=\"elementor-widget-container\">\n\t\t\t\t\t\t\t\t\t<p>Para cumprir o nosso compromisso, promover o setor e tirar partido da nossa infraestrutura, prestamos diferentes servi\u00e7os tanto nos nossos espa\u00e7os como com os nossos associados.<\/p>\t\t\t\t\t\t\t\t<\/div>\n\t\t\t\t<\/div>\n\t\t\t\t\t<\/div>\n\t\t<\/div>\n\t\t\t\t\t<\/div>\n\t\t<\/section>\n\t\t\t\t<section class=\"elementor-section elementor-top-section elementor-element elementor-element-593a9329 elementor-section-boxed elementor-section-height-default elementor-section-height-default\" data-id=\"593a9329\" data-element_type=\"section\" data-e-type=\"section\">\n\t\t\t\t\t\t<div class=\"elementor-container elementor-column-gap-default\">\n\t\t\t\t\t<div class=\"elementor-column elementor-col-100 elementor-top-column elementor-element elementor-element-23be23d5\" data-id=\"23be23d5\" data-element_type=\"column\" data-e-type=\"column\">\n\t\t\t<div class=\"elementor-widget-wrap elementor-element-populated\">\n\t\t\t\t\t\t<div class=\"elementor-element elementor-element-576beadb elementor-widget elementor-widget-spacer\" data-id=\"576beadb\" data-element_type=\"widget\" data-e-type=\"widget\" data-widget_type=\"spacer.default\">\n\t\t\t\t<div class=\"elementor-widget-container\">\n\t\t\t\t\t\t\t<div class=\"elementor-spacer\">\n\t\t\t<div class=\"elementor-spacer-inner\"><\/div>\n\t\t<\/div>\n\t\t\t\t\t\t<\/div>\n\t\t\t\t<\/div>\n\t\t\t\t<div class=\"elementor-element elementor-element-5519d774 elementor-widget elementor-widget-heading\" data-id=\"5519d774\" data-element_type=\"widget\" data-e-type=\"widget\" data-widget_type=\"heading.default\">\n\t\t\t\t<div class=\"elementor-widget-container\">\n\t\t\t\t\t<h3 class=\"elementor-heading-title elementor-size-default\"><a href=\"https:\/\/www.aevp.pt\/index.php\/servicos\/\">Descubra os Servi\u00e7os que Oferecemos<\/a><\/h3>\t\t\t\t<\/div>\n\t\t\t\t<\/div>\n\t\t\t\t\t<\/div>\n\t\t<\/div>\n\t\t\t\t\t<\/div>\n\t\t<\/section>\n\t\t\t\t<section class=\"elementor-section elementor-top-section elementor-element elementor-element-45a07b97 elementor-section-boxed elementor-section-height-default elementor-section-height-default\" data-id=\"45a07b97\" data-element_type=\"section\" data-e-type=\"section\">\n\t\t\t\t\t\t<div class=\"elementor-container elementor-column-gap-wide\">\n\t\t\t\t\t<div class=\"elementor-column elementor-col-33 elementor-top-column elementor-element elementor-element-6f808bbf\" data-id=\"6f808bbf\" data-element_type=\"column\" data-e-type=\"column\">\n\t\t\t<div class=\"elementor-widget-wrap elementor-element-populated\">\n\t\t\t\t\t\t<div class=\"elementor-element elementor-element-316af6b7 elementor-widget elementor-widget-image\" data-id=\"316af6b7\" data-element_type=\"widget\" data-e-type=\"widget\" data-widget_type=\"image.default\">\n\t\t\t\t<div class=\"elementor-widget-container\">\n\t\t\t\t\t\t\t\t\t\t\t\t\t\t\t\t<a href=\"https:\/\/www.aevp.pt\/index.php\/centro-de-eventos\/\" target=\"_blank\">\n\t\t\t\t\t\t\t<img fetchpriority=\"high\" decoding=\"async\" width=\"1075\" height=\"1613\" src=\"https:\/\/www.aevp.pt\/wp-content\/uploads\/2023\/07\/Centro-de-Eventos-AEVP_2-1.jpg\" class=\"attachment-full size-full wp-image-922\" alt=\"\" srcset=\"https:\/\/www.aevp.pt\/wp-content\/uploads\/2023\/07\/Centro-de-Eventos-AEVP_2-1.jpg 1075w, https:\/\/www.aevp.pt\/wp-content\/uploads\/2023\/07\/Centro-de-Eventos-AEVP_2-1-200x300.jpg 200w, https:\/\/www.aevp.pt\/wp-content\/uploads\/2023\/07\/Centro-de-Eventos-AEVP_2-1-682x1024.jpg 682w, https:\/\/www.aevp.pt\/wp-content\/uploads\/2023\/07\/Centro-de-Eventos-AEVP_2-1-768x1152.jpg 768w, https:\/\/www.aevp.pt\/wp-content\/uploads\/2023\/07\/Centro-de-Eventos-AEVP_2-1-1024x1536.jpg 1024w\" sizes=\"(max-width: 1075px) 100vw, 1075px\" \/>\t\t\t\t\t\t\t\t<\/a>\n\t\t\t\t\t\t\t\t\t\t\t\t\t\t\t<\/div>\n\t\t\t\t<\/div>\n\t\t\t\t<div class=\"elementor-element elementor-element-500a85ab elementor-widget elementor-widget-heading\" data-id=\"500a85ab\" data-element_type=\"widget\" data-e-type=\"widget\" data-widget_type=\"heading.default\">\n\t\t\t\t<div class=\"elementor-widget-container\">\n\t\t\t\t\t<h4 class=\"elementor-heading-title elementor-size-default\"><a href=\"https:\/\/www.aevp.pt\/index.php\/centro-de-eventos\/\" target=\"_blank\">Centro de Eventos<\/a><\/h4>\t\t\t\t<\/div>\n\t\t\t\t<\/div>\n\t\t\t\t<div class=\"elementor-element elementor-element-586e282f elementor-widget elementor-widget-text-editor\" data-id=\"586e282f\" data-element_type=\"widget\" data-e-type=\"widget\" data-widget_type=\"text-editor.default\">\n\t\t\t\t<div class=\"elementor-widget-container\">\n\t\t\t\t\t\t\t\t\t<p><span style=\"font-weight: 400;\">Temos um centro de eventos onde foram realizados congressos internacionais, reuni\u00f5es e jantares de anivers\u00e1rio, entre outros.&nbsp;<\/span><\/p><p><span style=\"font-weight: 400;\"><br><\/span><\/p><p><span style=\"font-weight: 400;\">Se est\u00e1 a pensar organizar um evento, convidamo-lo a conhecer as nossas instala\u00e7\u00f5es!<\/span><\/p>\t\t\t\t\t\t\t\t<\/div>\n\t\t\t\t<\/div>\n\t\t\t\t\t<\/div>\n\t\t<\/div>\n\t\t\t\t<div class=\"elementor-column elementor-col-33 elementor-top-column elementor-element elementor-element-4e66a27c\" data-id=\"4e66a27c\" data-element_type=\"column\" data-e-type=\"column\">\n\t\t\t<div class=\"elementor-widget-wrap elementor-element-populated\">\n\t\t\t\t\t\t<div class=\"elementor-element elementor-element-424d57e4 elementor-widget elementor-widget-image\" data-id=\"424d57e4\" data-element_type=\"widget\" data-e-type=\"widget\" data-widget_type=\"image.default\">\n\t\t\t\t<div class=\"elementor-widget-container\">\n\t\t\t\t\t\t\t\t\t\t\t\t\t\t\t\t<a href=\"https:\/\/www.aevp.pt\/index.php\/enoturismo\/\" target=\"_blank\">\n\t\t\t\t\t\t\t<img decoding=\"async\" width=\"1200\" height=\"1800\" src=\"https:\/\/www.aevp.pt\/wp-content\/uploads\/2023\/07\/Churchill_Cellar_2.jpg\" class=\"attachment-full size-full wp-image-920\" alt=\"\" srcset=\"https:\/\/www.aevp.pt\/wp-content\/uploads\/2023\/07\/Churchill_Cellar_2.jpg 1200w, https:\/\/www.aevp.pt\/wp-content\/uploads\/2023\/07\/Churchill_Cellar_2-200x300.jpg 200w, https:\/\/www.aevp.pt\/wp-content\/uploads\/2023\/07\/Churchill_Cellar_2-683x1024.jpg 683w, https:\/\/www.aevp.pt\/wp-content\/uploads\/2023\/07\/Churchill_Cellar_2-768x1152.jpg 768w, https:\/\/www.aevp.pt\/wp-content\/uploads\/2023\/07\/Churchill_Cellar_2-1024x1536.jpg 1024w\" sizes=\"(max-width: 1200px) 100vw, 1200px\" \/>\t\t\t\t\t\t\t\t<\/a>\n\t\t\t\t\t\t\t\t\t\t\t\t\t\t\t<\/div>\n\t\t\t\t<\/div>\n\t\t\t\t<div class=\"elementor-element elementor-element-e054334 elementor-widget elementor-widget-heading\" data-id=\"e054334\" data-element_type=\"widget\" data-e-type=\"widget\" data-widget_type=\"heading.default\">\n\t\t\t\t<div class=\"elementor-widget-container\">\n\t\t\t\t\t<h4 class=\"elementor-heading-title elementor-size-default\"><a href=\"https:\/\/www.aevp.pt\/index.php\/enoturismo\/\" target=\"_blank\">Caves do Vinho do Porto<\/a><\/h4>\t\t\t\t<\/div>\n\t\t\t\t<\/div>\n\t\t\t\t<div class=\"elementor-element elementor-element-492cd48e elementor-widget elementor-widget-text-editor\" data-id=\"492cd48e\" data-element_type=\"widget\" data-e-type=\"widget\" data-widget_type=\"text-editor.default\">\n\t\t\t\t<div class=\"elementor-widget-container\">\n\t\t\t\t\t\t\t\t\t<p>Convidamo-lo a visitar as caves de vinho do Porto dos nossos parceiros, localizadas junto ao Rio Douro, em Vila Nova de Gaia, e as Quintas no Vale do Douro que est\u00e3o abertas ao p\u00fablico, para conhecer a sua hist\u00f3ria, a sua import\u00e2ncia para n\u00f3s e provar um copo de vinho do Porto.<\/p><p>Se quiser saber quais s\u00e3o, <a href=\"https:\/\/www.aevp.pt\/index.php\/enoturismo\/\">clique aqui!<\/a><\/p>\t\t\t\t\t\t\t\t<\/div>\n\t\t\t\t<\/div>\n\t\t\t\t\t<\/div>\n\t\t<\/div>\n\t\t\t\t<div class=\"elementor-column elementor-col-33 elementor-top-column elementor-element elementor-element-59aecd1\" data-id=\"59aecd1\" data-element_type=\"column\" data-e-type=\"column\">\n\t\t\t<div class=\"elementor-widget-wrap elementor-element-populated\">\n\t\t\t\t\t\t<div class=\"elementor-element elementor-element-23c10fa5 elementor-widget elementor-widget-image\" data-id=\"23c10fa5\" data-element_type=\"widget\" data-e-type=\"widget\" data-widget_type=\"image.default\">\n\t\t\t\t<div class=\"elementor-widget-container\">\n\t\t\t\t\t\t\t\t\t\t\t\t\t\t\t\t<a href=\"https:\/\/www.aevp.pt\/index.php\/centro-multimedia\/\" target=\"_blank\">\n\t\t\t\t\t\t\t<img decoding=\"async\" width=\"1332\" height=\"1405\" src=\"https:\/\/www.aevp.pt\/wp-content\/uploads\/2023\/07\/Centro-de-Pedagogico-AEVP_2-1.jpg\" class=\"attachment-full size-full wp-image-925\" alt=\"\" srcset=\"https:\/\/www.aevp.pt\/wp-content\/uploads\/2023\/07\/Centro-de-Pedagogico-AEVP_2-1.jpg 1332w, https:\/\/www.aevp.pt\/wp-content\/uploads\/2023\/07\/Centro-de-Pedagogico-AEVP_2-1-284x300.jpg 284w, https:\/\/www.aevp.pt\/wp-content\/uploads\/2023\/07\/Centro-de-Pedagogico-AEVP_2-1-971x1024.jpg 971w, https:\/\/www.aevp.pt\/wp-content\/uploads\/2023\/07\/Centro-de-Pedagogico-AEVP_2-1-768x810.jpg 768w\" sizes=\"(max-width: 1332px) 100vw, 1332px\" \/>\t\t\t\t\t\t\t\t<\/a>\n\t\t\t\t\t\t\t\t\t\t\t\t\t\t\t<\/div>\n\t\t\t\t<\/div>\n\t\t\t\t<div class=\"elementor-element elementor-element-b888a0b elementor-widget elementor-widget-heading\" data-id=\"b888a0b\" data-element_type=\"widget\" data-e-type=\"widget\" data-widget_type=\"heading.default\">\n\t\t\t\t<div class=\"elementor-widget-container\">\n\t\t\t\t\t<h4 class=\"elementor-heading-title elementor-size-default\"><a href=\"https:\/\/www.aevp.pt\/index.php\/centro-multimedia\/\" target=\"_blank\"><br><br><br><br><br>Centro Pedag\u00f3gico<\/a><\/h4>\t\t\t\t<\/div>\n\t\t\t\t<\/div>\n\t\t\t\t<div class=\"elementor-element elementor-element-8cbf524 elementor-widget elementor-widget-text-editor\" data-id=\"8cbf524\" data-element_type=\"widget\" data-e-type=\"widget\" data-widget_type=\"text-editor.default\">\n\t\t\t\t<div class=\"elementor-widget-container\">\n\t\t\t\t\t\t\t\t\t<p><span style=\"font-weight: 400;\">Como associados do programa &#8220;Wine in Moderation&#8221;\u00a0<\/span><span style=\"background-color: var(--ast-global-color-5);\">situado em Bruxelas e ministrado em todo o mundo, procuramos ensinar sobre o vinho do Porto e difundir o consumo respons\u00e1vel de vinho no nosso Centro Pedag\u00f3gico.\u00a0<\/span><span style=\"background-color: var(--ast-global-color-5);\">Dispomos de salas interativas onde promovemos esta filosofia de forma did\u00e1tica e divertida a quem nos queira visitar.<\/span><\/p>\t\t\t\t\t\t\t\t<\/div>\n\t\t\t\t<\/div>\n\t\t\t\t\t<\/div>\n\t\t<\/div>\n\t\t\t\t\t<\/div>\n\t\t<\/section>\n\t\t\t\t<section class=\"elementor-section elementor-top-section elementor-element elementor-element-605f5149 elementor-section-boxed elementor-section-height-default elementor-section-height-default\" data-id=\"605f5149\" data-element_type=\"section\" data-e-type=\"section\">\n\t\t\t\t\t\t<div class=\"elementor-container elementor-column-gap-default\">\n\t\t\t\t\t<div class=\"elementor-column elementor-col-100 elementor-top-column elementor-element elementor-element-47fcd605\" data-id=\"47fcd605\" data-element_type=\"column\" data-e-type=\"column\">\n\t\t\t<div class=\"elementor-widget-wrap elementor-element-populated\">\n\t\t\t\t\t\t<div class=\"elementor-element elementor-element-3bbddb6 elementor-widget elementor-widget-spacer\" data-id=\"3bbddb6\" data-element_type=\"widget\" data-e-type=\"widget\" data-widget_type=\"spacer.default\">\n\t\t\t\t<div class=\"elementor-widget-container\">\n\t\t\t\t\t\t\t<div class=\"elementor-spacer\">\n\t\t\t<div class=\"elementor-spacer-inner\"><\/div>\n\t\t<\/div>\n\t\t\t\t\t\t<\/div>\n\t\t\t\t<\/div>\n\t\t\t\t\t<\/div>\n\t\t<\/div>\n\t\t\t\t\t<\/div>\n\t\t<\/section>\n\t\t\t\t<section class=\"elementor-section elementor-top-section elementor-element elementor-element-86daee4 elementor-section-content-middle elementor-section-boxed elementor-section-height-default elementor-section-height-default\" data-id=\"86daee4\" data-element_type=\"section\" data-e-type=\"section\" data-settings=\"{&quot;background_background&quot;:&quot;classic&quot;}\">\n\t\t\t\t\t\t<div class=\"elementor-container elementor-column-gap-default\">\n\t\t\t\t\t<div class=\"elementor-column elementor-col-100 elementor-top-column elementor-element elementor-element-7fc2239\" data-id=\"7fc2239\" data-element_type=\"column\" data-e-type=\"column\">\n\t\t\t<div class=\"elementor-widget-wrap\">\n\t\t\t\t\t\t\t<\/div>\n\t\t<\/div>\n\t\t\t\t\t<\/div>\n\t\t<\/section>\n\t\t\t\t<section class=\"elementor-section elementor-top-section elementor-element elementor-element-17f15393 elementor-section-boxed elementor-section-height-default elementor-section-height-default\" data-id=\"17f15393\" data-element_type=\"section\" data-e-type=\"section\">\n\t\t\t\t\t\t<div class=\"elementor-container elementor-column-gap-default\">\n\t\t\t\t\t<div class=\"elementor-column elementor-col-100 elementor-top-column elementor-element elementor-element-2e25550b\" data-id=\"2e25550b\" data-element_type=\"column\" data-e-type=\"column\">\n\t\t\t<div class=\"elementor-widget-wrap\">\n\t\t\t\t\t\t\t<\/div>\n\t\t<\/div>\n\t\t\t\t\t<\/div>\n\t\t<\/section>\n\t\t\t\t<\/div>\n\t\t","protected":false},"excerpt":{"rendered":"<p>Servi\u00e7os Oferecidos Para cumprir o nosso compromisso, promover o setor e tirar partido da nossa infraestrutura, prestamos diferentes servi\u00e7os tanto nos nossos espa\u00e7os como com os nossos associados. Descubra os Servi\u00e7os que Oferecemos Centro de Eventos Temos um centro de eventos onde foram realizados congressos internacionais, reuni\u00f5es e jantares de anivers\u00e1rio, entre outros.&nbsp; Se est\u00e1 [&hellip;]<\/p>\n","protected":false},"author":2,"featured_media":0,"parent":0,"menu_order":0,"comment_status":"closed","ping_status":"closed","template":"","meta":{"site-sidebar-layout":"no-sidebar","site-content-layout":"page-builder","ast-site-content-layout":"full-width-container","site-content-style":"unboxed","site-sidebar-style":"unboxed","ast-global-header-display":"","ast-banner-title-visibility":"","ast-main-header-display":"","ast-hfb-above-header-display":"","ast-hfb-below-header-display":"","ast-hfb-mobile-header-display":"","site-post-title":"disabled","ast-breadcrumbs-content":"","ast-featured-img":"disabled","footer-sml-layout":"","ast-disable-related-posts":"","theme-transparent-header-meta":"","adv-header-id-meta":"","stick-header-meta":"","header-above-stick-meta":"","header-main-stick-meta":"","header-below-stick-meta":"","astra-migrate-meta-layouts":"set","ast-page-background-enabled":"default","ast-page-background-meta":{"desktop":{"background-color":"var(--ast-global-color-4)","background-image":"","background-repeat":"repeat","background-position":"center center","background-size":"auto","background-attachment":"scroll","background-type":"","background-media":"","overlay-type":"","overlay-color":"","overlay-opacity":"","overlay-gradient":""},"tablet":{"background-color":"","background-image":"","background-repeat":"repeat","background-position":"center center","background-size":"auto","background-attachment":"scroll","background-type":"","background-media":"","overlay-type":"","overlay-color":"","overlay-opacity":"","overlay-gradient":""},"mobile":{"background-color":"","background-image":"","background-repeat":"repeat","background-position":"center center","background-size":"auto","background-attachment":"scroll","background-type":"","background-media":"","overlay-type":"","overlay-color":"","overlay-opacity":"","overlay-gradient":""}},"ast-content-background-meta":{"desktop":{"background-color":"var(--ast-global-color-5)","background-image":"","background-repeat":"repeat","background-position":"center center","background-size":"auto","background-attachment":"scroll","background-type":"","background-media":"","overlay-type":"","overlay-color":"","overlay-opacity":"","overlay-gradient":""},"tablet":{"background-color":"var(--ast-global-color-5)","background-image":"","background-repeat":"repeat","background-position":"center center","background-size":"auto","background-attachment":"scroll","background-type":"","background-media":"","overlay-type":"","overlay-color":"","overlay-opacity":"","overlay-gradient":""},"mobile":{"background-color":"var(--ast-global-color-5)","background-image":"","background-repeat":"repeat","background-position":"center center","background-size":"auto","background-attachment":"scroll","background-type":"","background-media":"","overlay-type":"","overlay-color":"","overlay-opacity":"","overlay-gradient":""}},"footnotes":""},"class_list":["post-1988","page","type-page","status-publish","hentry"],"_links":{"self":[{"href":"https:\/\/www.aevp.pt\/index.php\/wp-json\/wp\/v2\/pages\/1988","targetHints":{"allow":["GET"]}}],"collection":[{"href":"https:\/\/www.aevp.pt\/index.php\/wp-json\/wp\/v2\/pages"}],"about":[{"href":"https:\/\/www.aevp.pt\/index.php\/wp-json\/wp\/v2\/types\/page"}],"author":[{"embeddable":true,"href":"https:\/\/www.aevp.pt\/index.php\/wp-json\/wp\/v2\/users\/2"}],"replies":[{"embeddable":true,"href":"https:\/\/www.aevp.pt\/index.php\/wp-json\/wp\/v2\/comments?post=1988"}],"version-history":[{"count":26,"href":"https:\/\/www.aevp.pt\/index.php\/wp-json\/wp\/v2\/pages\/1988\/revisions"}],"predecessor-version":[{"id":3213,"href":"https:\/\/www.aevp.pt\/index.php\/wp-json\/wp\/v2\/pages\/1988\/revisions\/3213"}],"wp:attachment":[{"href":"https:\/\/www.aevp.pt\/index.php\/wp-json\/wp\/v2\/media?parent=1988"}],"curies":[{"name":"wp","href":"https:\/\/api.w.org\/{rel}","templated":true}]}}