{"id":1999,"date":"2023-07-19T12:01:31","date_gmt":"2023-07-19T11:01:31","guid":{"rendered":"https:\/\/www.aevp.pt\/?page_id=1999"},"modified":"2026-01-06T14:26:18","modified_gmt":"2026-01-06T14:26:18","slug":"corpos-gerentes","status":"publish","type":"page","link":"https:\/\/www.aevp.pt\/index.php\/corpos-gerentes\/","title":{"rendered":"Corpos Gerentes"},"content":{"rendered":"\t\t<div data-elementor-type=\"wp-page\" data-elementor-id=\"1999\" class=\"elementor elementor-1999\">\n\t\t\t\t\t\t<section class=\"elementor-section elementor-top-section elementor-element elementor-element-138bda42 elementor-section-height-min-height elementor-section-boxed elementor-section-height-default elementor-section-items-middle\" data-id=\"138bda42\" data-element_type=\"section\" data-e-type=\"section\" data-settings=\"{&quot;background_background&quot;:&quot;classic&quot;}\">\n\t\t\t\t\t\t<div class=\"elementor-container elementor-column-gap-default\">\n\t\t\t\t\t<div class=\"elementor-column elementor-col-100 elementor-top-column elementor-element elementor-element-6417905f\" data-id=\"6417905f\" data-element_type=\"column\" data-e-type=\"column\">\n\t\t\t<div class=\"elementor-widget-wrap elementor-element-populated\">\n\t\t\t\t\t\t<div class=\"elementor-element elementor-element-7d76de37 elementor-widget elementor-widget-heading\" data-id=\"7d76de37\" data-element_type=\"widget\" data-e-type=\"widget\" data-widget_type=\"heading.default\">\n\t\t\t\t<div class=\"elementor-widget-container\">\n\t\t\t\t\t<h1 class=\"elementor-heading-title elementor-size-default\">Corpos Gerentes<\/h1>\t\t\t\t<\/div>\n\t\t\t\t<\/div>\n\t\t\t\t\t<\/div>\n\t\t<\/div>\n\t\t\t\t\t<\/div>\n\t\t<\/section>\n\t\t\t\t<section class=\"elementor-section elementor-top-section elementor-element elementor-element-a592a48 elementor-section-boxed elementor-section-height-default elementor-section-height-default\" data-id=\"a592a48\" data-element_type=\"section\" data-e-type=\"section\">\n\t\t\t\t\t\t<div class=\"elementor-container elementor-column-gap-default\">\n\t\t\t\t\t<div class=\"elementor-column elementor-col-100 elementor-top-column elementor-element elementor-element-2cb89703\" data-id=\"2cb89703\" data-element_type=\"column\" data-e-type=\"column\">\n\t\t\t<div class=\"elementor-widget-wrap elementor-element-populated\">\n\t\t\t\t\t\t<div class=\"elementor-element elementor-element-316a4c7b elementor-widget elementor-widget-spacer\" data-id=\"316a4c7b\" data-element_type=\"widget\" data-e-type=\"widget\" data-widget_type=\"spacer.default\">\n\t\t\t\t<div class=\"elementor-widget-container\">\n\t\t\t\t\t\t\t<div class=\"elementor-spacer\">\n\t\t\t<div class=\"elementor-spacer-inner\"><\/div>\n\t\t<\/div>\n\t\t\t\t\t\t<\/div>\n\t\t\t\t<\/div>\n\t\t\t\t\t<\/div>\n\t\t<\/div>\n\t\t\t\t\t<\/div>\n\t\t<\/section>\n\t\t\t\t<section class=\"elementor-section elementor-top-section elementor-element elementor-element-4fdf8247 elementor-section-boxed elementor-section-height-default elementor-section-height-default\" data-id=\"4fdf8247\" data-element_type=\"section\" data-e-type=\"section\">\n\t\t\t\t\t\t<div class=\"elementor-container elementor-column-gap-default\">\n\t\t\t\t\t<div class=\"elementor-column elementor-col-100 elementor-top-column elementor-element elementor-element-60268532\" data-id=\"60268532\" data-element_type=\"column\" data-e-type=\"column\">\n\t\t\t<div class=\"elementor-widget-wrap elementor-element-populated\">\n\t\t\t\t\t\t\t<\/div>\n\t\t<\/div>\n\t\t\t\t\t<\/div>\n\t\t<\/section>\n\t\t\t\t<section class=\"elementor-section elementor-top-section elementor-element elementor-element-9124d9b elementor-section-boxed elementor-section-height-default elementor-section-height-default\" data-id=\"9124d9b\" data-element_type=\"section\" data-e-type=\"section\">\n\t\t\t\t\t\t<div class=\"elementor-container elementor-column-gap-default\">\n\t\t\t\t\t<div class=\"elementor-column elementor-col-100 elementor-top-column elementor-element elementor-element-509d51c3\" data-id=\"509d51c3\" data-element_type=\"column\" data-e-type=\"column\">\n\t\t\t<div class=\"elementor-widget-wrap elementor-element-populated\">\n\t\t\t\t\t\t<div class=\"elementor-element elementor-element-f518341 elementor-widget elementor-widget-heading\" data-id=\"f518341\" data-element_type=\"widget\" data-e-type=\"widget\" data-widget_type=\"heading.default\">\n\t\t\t\t<div class=\"elementor-widget-container\">\n\t\t\t\t\t<h3 class=\"elementor-heading-title elementor-size-default\">Corpos Gerentes para o Tri\u00e9nio 2025\/2027<\/h3>\t\t\t\t<\/div>\n\t\t\t\t<\/div>\n\t\t\t\t<div class=\"elementor-element elementor-element-4a27ebb4 elementor-widget elementor-widget-text-editor\" data-id=\"4a27ebb4\" data-element_type=\"widget\" data-e-type=\"widget\" data-widget_type=\"text-editor.default\">\n\t\t\t\t<div class=\"elementor-widget-container\">\n\t\t\t\t\t\t\t\t\t<p><strong style=\"font-style: inherit; background-color: var(--ast-global-color-5); color: var( --e-global-color-primary );\">Assembleia Geral<\/strong><\/p><ul><li><strong>Presidente<\/strong> \u2013 Roz\u00e8s S.A. | Ant\u00f3nio Fernando da Cunha Saraiva<\/li><li><strong>Secret\u00e1rio<\/strong> \u2013 Companhia Geral da Agricultura das Vinhas do Alto Douro, S.A. | Pedro Manuel Ferreira de Lemos da Silva Reis<\/li><li><strong>Secret\u00e1rio<\/strong> \u2013<span data-olk-copy-source=\"MailCompose\">The Wine Collection, S.A.<\/span>| Rui Correia de Carvalho<\/li><\/ul><p><strong>Direc\u00e7\u00e3o<\/strong><\/p><ul><li><strong>Presidente<\/strong> \u2013 Symington Family Estates, Vinhos, S.A. | Ant\u00f3nio Jorge Marquez Filipe<\/li><li><strong>Vogais:<\/strong><ul><li>Adriano Ramos Pinto, Vinhos, S.A. | Jorge Chamis Rosas<\/li><li>Granvinhos, Lda | Jorge Manuel Morais Alves Dias<\/li><li>Niepoort, Vinhos S.A. | Jos\u00e9 Teles Dias da Silva<\/li><li>Manoel D. Po\u00e7as Junior, Vinhos S.A. | Pedro Santos Po\u00e7as Pint\u00e3o<\/li><li>Sogevinus Fine Wines, S.A. | Pedro Nuno Ferreira Mendes Braga<\/li><li>Sogrape Vinhos, S.A. | Miguel Pessanha<\/li><\/ul><\/li><\/ul><p><strong>Conselho Fiscal<\/strong><\/p><ul><li><strong>Presidente<\/strong> \u2013 Quinta do Vallado, Sociedade Agr\u00edcola Lda | Jo\u00e3o Ferreira Alvares Ribeiro<\/li><li><strong>Vogais:<\/strong><ul><li>Churchill Graham, Lda | Carla Oliveira<\/li><li>F. Olazabal e Filhos, Lda | Lu\u00edsa Nicolau de Almeida Olazabal<\/li><\/ul><\/li><\/ul><p><b>Diretora<\/b><strong> &#8211; Executiva<\/strong><\/p><ul><li>\u00a0Maria Isabel Magalh\u00e3es Queir\u00f3s de Sousa Cardoso Fernandes Marrana<\/li><\/ul>\t\t\t\t\t\t\t\t<\/div>\n\t\t\t\t<\/div>\n\t\t\t\t\t<\/div>\n\t\t<\/div>\n\t\t\t\t\t<\/div>\n\t\t<\/section>\n\t\t\t\t<section class=\"elementor-section elementor-top-section elementor-element elementor-element-52a11910 elementor-section-boxed elementor-section-height-default elementor-section-height-default\" data-id=\"52a11910\" data-element_type=\"section\" data-e-type=\"section\">\n\t\t\t\t\t\t<div class=\"elementor-container elementor-column-gap-default\">\n\t\t\t\t\t<div class=\"elementor-column elementor-col-100 elementor-top-column elementor-element elementor-element-45299e41\" data-id=\"45299e41\" data-element_type=\"column\" data-e-type=\"column\">\n\t\t\t<div class=\"elementor-widget-wrap elementor-element-populated\">\n\t\t\t\t\t\t<div class=\"elementor-element elementor-element-1d7f2719 elementor-widget elementor-widget-spacer\" data-id=\"1d7f2719\" data-element_type=\"widget\" data-e-type=\"widget\" data-widget_type=\"spacer.default\">\n\t\t\t\t<div class=\"elementor-widget-container\">\n\t\t\t\t\t\t\t<div class=\"elementor-spacer\">\n\t\t\t<div class=\"elementor-spacer-inner\"><\/div>\n\t\t<\/div>\n\t\t\t\t\t\t<\/div>\n\t\t\t\t<\/div>\n\t\t\t\t\t<\/div>\n\t\t<\/div>\n\t\t\t\t\t<\/div>\n\t\t<\/section>\n\t\t\t\t<section class=\"elementor-section elementor-top-section elementor-element elementor-element-5c65c96a elementor-section-content-middle elementor-section-boxed elementor-section-height-default elementor-section-height-default\" data-id=\"5c65c96a\" data-element_type=\"section\" data-e-type=\"section\" data-settings=\"{&quot;background_background&quot;:&quot;classic&quot;}\">\n\t\t\t\t\t\t<div class=\"elementor-container elementor-column-gap-default\">\n\t\t\t\t\t<div class=\"elementor-column elementor-col-100 elementor-top-column elementor-element elementor-element-1977b8f2\" data-id=\"1977b8f2\" data-element_type=\"column\" data-e-type=\"column\">\n\t\t\t<div class=\"elementor-widget-wrap\">\n\t\t\t\t\t\t\t<\/div>\n\t\t<\/div>\n\t\t\t\t\t<\/div>\n\t\t<\/section>\n\t\t\t\t<section class=\"elementor-section elementor-top-section elementor-element elementor-element-693d18a3 elementor-section-boxed elementor-section-height-default elementor-section-height-default\" data-id=\"693d18a3\" data-element_type=\"section\" data-e-type=\"section\">\n\t\t\t\t\t\t<div class=\"elementor-container elementor-column-gap-default\">\n\t\t\t\t\t<div class=\"elementor-column elementor-col-100 elementor-top-column elementor-element elementor-element-275b70ea\" data-id=\"275b70ea\" data-element_type=\"column\" data-e-type=\"column\">\n\t\t\t<div class=\"elementor-widget-wrap\">\n\t\t\t\t\t\t\t<\/div>\n\t\t<\/div>\n\t\t\t\t\t<\/div>\n\t\t<\/section>\n\t\t\t\t<\/div>\n\t\t","protected":false},"excerpt":{"rendered":"<p>Corpos Gerentes Corpos Gerentes para o Tri\u00e9nio 2025\/2027 Assembleia Geral Presidente \u2013 Roz\u00e8s S.A. | Ant\u00f3nio Fernando da Cunha Saraiva Secret\u00e1rio \u2013 Companhia Geral da Agricultura das Vinhas do Alto Douro, S.A. | Pedro Manuel Ferreira de Lemos da Silva Reis Secret\u00e1rio \u2013The Wine Collection, S.A.| Rui Correia de Carvalho Direc\u00e7\u00e3o Presidente \u2013 Symington Family [&hellip;]<\/p>\n","protected":false},"author":2,"featured_media":0,"parent":0,"menu_order":0,"comment_status":"closed","ping_status":"closed","template":"","meta":{"site-sidebar-layout":"no-sidebar","site-content-layout":"page-builder","ast-site-content-layout":"full-width-container","site-content-style":"unboxed","site-sidebar-style":"unboxed","ast-global-header-display":"","ast-banner-title-visibility":"","ast-main-header-display":"","ast-hfb-above-header-display":"","ast-hfb-below-header-display":"","ast-hfb-mobile-header-display":"","site-post-title":"disabled","ast-breadcrumbs-content":"","ast-featured-img":"disabled","footer-sml-layout":"","ast-disable-related-posts":"","theme-transparent-header-meta":"","adv-header-id-meta":"","stick-header-meta":"","header-above-stick-meta":"","header-main-stick-meta":"","header-below-stick-meta":"","astra-migrate-meta-layouts":"set","ast-page-background-enabled":"default","ast-page-background-meta":{"desktop":{"background-color":"var(--ast-global-color-4)","background-image":"","background-repeat":"repeat","background-position":"center center","background-size":"auto","background-attachment":"scroll","background-type":"","background-media":"","overlay-type":"","overlay-color":"","overlay-opacity":"","overlay-gradient":""},"tablet":{"background-color":"","background-image":"","background-repeat":"repeat","background-position":"center center","background-size":"auto","background-attachment":"scroll","background-type":"","background-media":"","overlay-type":"","overlay-color":"","overlay-opacity":"","overlay-gradient":""},"mobile":{"background-color":"","background-image":"","background-repeat":"repeat","background-position":"center center","background-size":"auto","background-attachment":"scroll","background-type":"","background-media":"","overlay-type":"","overlay-color":"","overlay-opacity":"","overlay-gradient":""}},"ast-content-background-meta":{"desktop":{"background-color":"var(--ast-global-color-5)","background-image":"","background-repeat":"repeat","background-position":"center center","background-size":"auto","background-attachment":"scroll","background-type":"","background-media":"","overlay-type":"","overlay-color":"","overlay-opacity":"","overlay-gradient":""},"tablet":{"background-color":"var(--ast-global-color-5)","background-image":"","background-repeat":"repeat","background-position":"center center","background-size":"auto","background-attachment":"scroll","background-type":"","background-media":"","overlay-type":"","overlay-color":"","overlay-opacity":"","overlay-gradient":""},"mobile":{"background-color":"var(--ast-global-color-5)","background-image":"","background-repeat":"repeat","background-position":"center center","background-size":"auto","background-attachment":"scroll","background-type":"","background-media":"","overlay-type":"","overlay-color":"","overlay-opacity":"","overlay-gradient":""}},"footnotes":""},"class_list":["post-1999","page","type-page","status-publish","hentry"],"_links":{"self":[{"href":"https:\/\/www.aevp.pt\/index.php\/wp-json\/wp\/v2\/pages\/1999","targetHints":{"allow":["GET"]}}],"collection":[{"href":"https:\/\/www.aevp.pt\/index.php\/wp-json\/wp\/v2\/pages"}],"about":[{"href":"https:\/\/www.aevp.pt\/index.php\/wp-json\/wp\/v2\/types\/page"}],"author":[{"embeddable":true,"href":"https:\/\/www.aevp.pt\/index.php\/wp-json\/wp\/v2\/users\/2"}],"replies":[{"embeddable":true,"href":"https:\/\/www.aevp.pt\/index.php\/wp-json\/wp\/v2\/comments?post=1999"}],"version-history":[{"count":32,"href":"https:\/\/www.aevp.pt\/index.php\/wp-json\/wp\/v2\/pages\/1999\/revisions"}],"predecessor-version":[{"id":3801,"href":"https:\/\/www.aevp.pt\/index.php\/wp-json\/wp\/v2\/pages\/1999\/revisions\/3801"}],"wp:attachment":[{"href":"https:\/\/www.aevp.pt\/index.php\/wp-json\/wp\/v2\/media?parent=1999"}],"curies":[{"name":"wp","href":"https:\/\/api.w.org\/{rel}","templated":true}]}}